{"id":4468,"date":"2015-08-11T02:56:06","date_gmt":"2015-08-11T02:56:06","guid":{"rendered":"http:\/\/127.0.0.1\/demo1\/?page_id=4468"},"modified":"2015-11-09T14:21:43","modified_gmt":"2015-11-09T14:21:43","slug":"la-empresa","status":"publish","type":"page","link":"https:\/\/www.agro-vado.com\/es\/la-empresa\/","title":{"rendered":"LA EMPRESA"},"content":{"rendered":"\n<div class=\"vc_row wpb_row\">\n    <div class=\"clr vc_row-fluid\">\n                    \n\t<div class=\"vc_col-sm-8 wpb_column clr column_container  \">\n\t\t\t\n\t<div class=\"wpb_text_column wpb_content_element \">\n\t\t<div class=\"wpb_wrapper\">\n\t\t\t<p style=\"text-align: justify;\">Hace m\u00e1s de 25 a\u00f1os, AgroVado E.I.R.L viene desarrollando actividades en el campo agroindustrial, a trav\u00e9s de la elaboraci\u00f3n y comercializaci\u00f3n de diversos productos 100% naturales. \u00a0Estos a\u00f1os de experiencia nos permiten brindarles productos de calidad PREMIUM.<\/p>\n<p style=\"text-align: justify;\">La empresa trabaja con una variedad de frutas congeladas y pulpas as\u00e9pticas a nivel nacional. A partir de 1997 se comenz\u00f3 la exportaci\u00f3n de salsas, mermeladas y pulpas hacia los mercados de Estados Unidos y Europa, posteriormente ampli\u00f3 su gama de productos ofrecidos y de esta manera comenzamos a ofrecer productos congelados teniendo gran acogida en mercados como el de Estados Unidos, Jap\u00f3n, China, Francia y Alemania.<\/p>\n<p style=\"text-align: justify;\">Nuestro objetivo primordial es brindar a nuestros clientes productos de primera calidad acorde a los est\u00e1ndares internacionales, para poder cumplir con este objetivo nuestros productos son procesados con materia prima seleccionada de primera calidad y nuestra planta de producci\u00f3n cuenta con sistema HACCP, lo cual nos permite ofrecerle un producto de excelente calidad el cual va acompa\u00f1ado de un eficiente servicio de entrega.<\/p>\n\n\t\t<\/div> \n\t<\/div> \n\t<\/div> \n\n\t<div class=\"vc_col-sm-4 wpb_column clr column_container  \">\n\t\t\t\n\t<div class=\"wpb_single_image wpb_content_element clr\">\n\t\t<div class=\"wpb_wrapper\">\n\t\t\t\n\t\t\t<div class=\"vc_single_image-wrapper  vc_box_border_grey\"><img loading=\"lazy\" decoding=\"async\" width=\"302\" height=\"350\" src=\"https:\/\/www.agro-vado.com\/es\/wp-content\/uploads\/2015\/08\/somos.jpg\" class=\" vc_box_border_grey attachment-full\" alt=\"\" srcset=\"https:\/\/www.agro-vado.com\/es\/wp-content\/uploads\/2015\/08\/somos.jpg 302w, https:\/\/www.agro-vado.com\/es\/wp-content\/uploads\/2015\/08\/somos-259x300.jpg 259w\" sizes=\"auto, (max-width: 302px) 100vw, 302px\" \/><\/div>\n\t\t<\/div> \n\t<\/div> \n\t<\/div> \n                                                    <\/div><!-- .clr vc_row-fluid -->\n    <\/div><!-- .vc_row wpb_row -->\n\n\n<div class=\"vc_row wpb_row\">\n    <div class=\"clr vc_row-fluid\">\n                    \n\t<div class=\"vc_col-sm-12 wpb_column clr column_container  \">\n\t\t\t<div class=\"vc_empty_space\"  style=\"height: 32px\" ><span class=\"vc_empty_space_inner\"><\/span><\/div>\n\n\n\t<\/div> \n                                                    <\/div><!-- .clr vc_row-fluid -->\n    <\/div><!-- .vc_row wpb_row -->\n\n\n","protected":false},"excerpt":{"rendered":"Hace m\u00e1s de 25 a\u00f1os, AgroVado E.I.R.L viene desarrollando actividades en el campo agroindustrial, a trav\u00e9s de la elaboraci\u00f3n y comercializaci\u00f3n de diversos productos 100% naturales. \u00a0Estos a\u00f1os de experiencia nos permiten brindarles productos de calidad PREMIUM. La empresa trabaja&hellip;","protected":false},"author":1,"featured_media":0,"parent":0,"menu_order":0,"comment_status":"open","ping_status":"open","template":"","meta":{"footnotes":""},"class_list":["post-4468","page","type-page","status-publish","hentry"],"_links":{"self":[{"href":"https:\/\/www.agro-vado.com\/es\/wp-json\/wp\/v2\/pages\/4468","targetHints":{"allow":["GET"]}}],"collection":[{"href":"https:\/\/www.agro-vado.com\/es\/wp-json\/wp\/v2\/pages"}],"about":[{"href":"https:\/\/www.agro-vado.com\/es\/wp-json\/wp\/v2\/types\/page"}],"author":[{"embeddable":true,"href":"https:\/\/www.agro-vado.com\/es\/wp-json\/wp\/v2\/users\/1"}],"replies":[{"embeddable":true,"href":"https:\/\/www.agro-vado.com\/es\/wp-json\/wp\/v2\/comments?post=4468"}],"version-history":[{"count":10,"href":"https:\/\/www.agro-vado.com\/es\/wp-json\/wp\/v2\/pages\/4468\/revisions"}],"predecessor-version":[{"id":4974,"href":"https:\/\/www.agro-vado.com\/es\/wp-json\/wp\/v2\/pages\/4468\/revisions\/4974"}],"wp:attachment":[{"href":"https:\/\/www.agro-vado.com\/es\/wp-json\/wp\/v2\/media?parent=4468"}],"curies":[{"name":"wp","href":"https:\/\/api.w.org\/{rel}","templated":true}]}}