{"id":4469,"date":"2015-08-11T02:58:07","date_gmt":"2015-08-11T02:58:07","guid":{"rendered":"http:\/\/127.0.0.1\/demo1\/?page_id=4469"},"modified":"2015-09-01T15:56:09","modified_gmt":"2015-09-01T15:56:09","slug":"productos","status":"publish","type":"page","link":"https:\/\/www.agro-vado.com\/es\/productos\/","title":{"rendered":"PRODUCTOS"},"content":{"rendered":"\n<div class=\"vc_row wpb_row\">\n    <div class=\"clr vc_row-fluid\">\n                    \n\t<div class=\"vc_col-sm-12 wpb_column clr column_container  \">\n\t\t\t\n\t<div class=\"vcex-portfolio-grid-wrap clr\">\n\n\t\t\n\t\t<div class=\"wpex-row vcex-portfolio-grid clr match-height-grid\"  data-transition-duration=\"0.0\">\n\t\t\t\n\t\t\t\t<div class=\"portfolio-entry span_1_of_3 col col-1 cat-64 post-359 portfolio type-portfolio status-publish has-post-thumbnail hentry portfolio_category-productos\">\n\n\t\t\t\t\t\t\t\t\t\t\t\n\t\t\t\t\t\t\n\t\t\t\t\t\t\t<div class=\"portfolio-entry-media wpex-image-hover grow\">\n\n\t\t\t\t\t\t\t\t\n\t\t\t\t\t\t\t\t\t\n\t\t\t\t\t\t\t\t\t\t<a href=\"https:\/\/www.agro-vado.com\/es\/portfolio-item\/frutas-congeladas\/\" title=\"Frutas Congeladas\" class=\"portfolio-entry-media-link\">\n\n\t\t\t\t\t\t\t\t\t\n\t\t\t\t\t\t\t\t\n\t\t\t\t\t\t\t\t<img decoding=\"async\" src=\"https:\/\/www.agro-vado.com\/es\/wp-content\/uploads\/2013\/11\/frutas-congeladas.jpg\" width=\"\" height=\"\" class=\"portfolio-entry-img\" alt=\"Frutas Congeladas\" \/>\n\t\t\t\t\t\t\t\t\n\t\t\t\t\t\t\t\t<\/a>\n\t\t\t\t\t\t\t\t\n\t\t\t\t\t\t\t<\/div><!-- .portfolio-entry-media -->\n\n\t\t\t\t\t\t\n\t\t\t\t\t\n\t\t\t\t\t\t\t\t\t\t\n\t\t\t\t\t\t<div class=\"portfolio-entry-details clr\" style=\"text-align:center;\">\n\n\t\t\t\t\t\t\t<div class=\"match-height-content\">\n\t\t\t\t\t\t\t\n\t\t\t\t\t\t\t\t<h2 class=\"portfolio-entry-title entry-title\">\n\n\t\t\t\t\t\t\t\t\t\n\t\t\t\t\t\t\t\t\t\t<a href=\"https:\/\/www.agro-vado.com\/es\/portfolio-item\/frutas-congeladas\/\" title=\"Frutas Congeladas\">\n\t\t\t\t\t\t\t\t\t\t\tFrutas Congeladas\t\t\t\t\t\t\t\t\t\t<\/a>\n\n\t\t\t\t\t\t\t\t\t\n\t\t\t\t\t\t\t\t<\/h2>\n\n\t\t\t\t\t\t\t\n\t\t\t\t\t\t\t\n\t\t\t\t\t\t\t\n\t\t\t\t\t\t\t\t\t\t\t\t\t\t\n\t\t\t\t\t\t\t<\/div>\n\t\t\t\t\t\t<\/div><!-- .portfolio-entry-details -->\n\n\t\t\t\t\t\n\t\t\t\t<\/div><!-- .portfolio-entry -->\n\n\t\t\t\t\t\t\t\n\t\t\t\n\t\t\t\t<div class=\"portfolio-entry span_1_of_3 col col-2 cat-64 post-4762 portfolio type-portfolio status-publish has-post-thumbnail hentry portfolio_category-productos\">\n\n\t\t\t\t\t\t\t\t\t\t\t\n\t\t\t\t\t\t\n\t\t\t\t\t\t\t<div class=\"portfolio-entry-media wpex-image-hover grow\">\n\n\t\t\t\t\t\t\t\t\n\t\t\t\t\t\t\t\t\t\n\t\t\t\t\t\t\t\t\t\t<a href=\"https:\/\/www.agro-vado.com\/es\/portfolio-item\/verduras-congeladas\/\" title=\"Verduras Congeladas\" class=\"portfolio-entry-media-link\">\n\n\t\t\t\t\t\t\t\t\t\n\t\t\t\t\t\t\t\t\n\t\t\t\t\t\t\t\t<img decoding=\"async\" src=\"https:\/\/www.agro-vado.com\/es\/wp-content\/uploads\/2013\/11\/verduras-congeladas.jpg\" width=\"\" height=\"\" class=\"portfolio-entry-img\" alt=\"Verduras Congeladas\" \/>\n\t\t\t\t\t\t\t\t\n\t\t\t\t\t\t\t\t<\/a>\n\t\t\t\t\t\t\t\t\n\t\t\t\t\t\t\t<\/div><!-- .portfolio-entry-media -->\n\n\t\t\t\t\t\t\n\t\t\t\t\t\n\t\t\t\t\t\t\t\t\t\t\n\t\t\t\t\t\t<div class=\"portfolio-entry-details clr\" style=\"text-align:center;\">\n\n\t\t\t\t\t\t\t<div class=\"match-height-content\">\n\t\t\t\t\t\t\t\n\t\t\t\t\t\t\t\t<h2 class=\"portfolio-entry-title entry-title\">\n\n\t\t\t\t\t\t\t\t\t\n\t\t\t\t\t\t\t\t\t\t<a href=\"https:\/\/www.agro-vado.com\/es\/portfolio-item\/verduras-congeladas\/\" title=\"Verduras Congeladas\">\n\t\t\t\t\t\t\t\t\t\t\tVerduras Congeladas\t\t\t\t\t\t\t\t\t\t<\/a>\n\n\t\t\t\t\t\t\t\t\t\n\t\t\t\t\t\t\t\t<\/h2>\n\n\t\t\t\t\t\t\t\n\t\t\t\t\t\t\t\n\t\t\t\t\t\t\t\n\t\t\t\t\t\t\t\t\t\t\t\t\t\t\n\t\t\t\t\t\t\t<\/div>\n\t\t\t\t\t\t<\/div><!-- .portfolio-entry-details -->\n\n\t\t\t\t\t\n\t\t\t\t<\/div><!-- .portfolio-entry -->\n\n\t\t\t\t\t\t\t\n\t\t\t\n\t\t\t\t<div class=\"portfolio-entry span_1_of_3 col col-3 cat-64 post-4778 portfolio type-portfolio status-publish has-post-thumbnail hentry portfolio_category-productos\">\n\n\t\t\t\t\t\t\t\t\t\t\t\n\t\t\t\t\t\t\n\t\t\t\t\t\t\t<div class=\"portfolio-entry-media wpex-image-hover grow\">\n\n\t\t\t\t\t\t\t\t\n\t\t\t\t\t\t\t\t\t\n\t\t\t\t\t\t\t\t\t\t<a href=\"https:\/\/www.agro-vado.com\/es\/portfolio-item\/pulpas-asepticas\/\" title=\"Pulpas As\u00e9pticas\" class=\"portfolio-entry-media-link\">\n\n\t\t\t\t\t\t\t\t\t\n\t\t\t\t\t\t\t\t\n\t\t\t\t\t\t\t\t<img decoding=\"async\" src=\"https:\/\/www.agro-vado.com\/es\/wp-content\/uploads\/2013\/11\/pulpa_aseptica.jpg\" width=\"\" height=\"\" class=\"portfolio-entry-img\" alt=\"Pulpas As\u00e9pticas\" \/>\n\t\t\t\t\t\t\t\t\n\t\t\t\t\t\t\t\t<\/a>\n\t\t\t\t\t\t\t\t\n\t\t\t\t\t\t\t<\/div><!-- .portfolio-entry-media -->\n\n\t\t\t\t\t\t\n\t\t\t\t\t\n\t\t\t\t\t\t\t\t\t\t\n\t\t\t\t\t\t<div class=\"portfolio-entry-details clr\" style=\"text-align:center;\">\n\n\t\t\t\t\t\t\t<div class=\"match-height-content\">\n\t\t\t\t\t\t\t\n\t\t\t\t\t\t\t\t<h2 class=\"portfolio-entry-title entry-title\">\n\n\t\t\t\t\t\t\t\t\t\n\t\t\t\t\t\t\t\t\t\t<a href=\"https:\/\/www.agro-vado.com\/es\/portfolio-item\/pulpas-asepticas\/\" title=\"Pulpas As\u00e9pticas\">\n\t\t\t\t\t\t\t\t\t\t\tPulpas As\u00e9pticas\t\t\t\t\t\t\t\t\t\t<\/a>\n\n\t\t\t\t\t\t\t\t\t\n\t\t\t\t\t\t\t\t<\/h2>\n\n\t\t\t\t\t\t\t\n\t\t\t\t\t\t\t\n\t\t\t\t\t\t\t\n\t\t\t\t\t\t\t\t\t\t\t\t\t\t\n\t\t\t\t\t\t\t<\/div>\n\t\t\t\t\t\t<\/div><!-- .portfolio-entry-details -->\n\n\t\t\t\t\t\n\t\t\t\t<\/div><!-- .portfolio-entry -->\n\n\t\t\t\t\t\t\t\n\t\t\t\n\t\t\t\t<div class=\"portfolio-entry span_1_of_3 col col-1 cat-67 cat-64 post-4690 portfolio type-portfolio status-publish has-post-thumbnail hentry portfolio_category-mermeladas-tradicionales portfolio_category-productos\">\n\n\t\t\t\t\t\t\t\t\t\t\t\n\t\t\t\t\t\t\n\t\t\t\t\t\t\t<div class=\"portfolio-entry-media wpex-image-hover grow\">\n\n\t\t\t\t\t\t\t\t\n\t\t\t\t\t\t\t\t\t\n\t\t\t\t\t\t\t\t\t\t<a href=\"https:\/\/www.agro-vado.com\/es\/portfolio-item\/mermeladas-tradicionales\/\" title=\"Mermeladas Tradicionales\" class=\"portfolio-entry-media-link\">\n\n\t\t\t\t\t\t\t\t\t\n\t\t\t\t\t\t\t\t\n\t\t\t\t\t\t\t\t<img decoding=\"async\" src=\"https:\/\/www.agro-vado.com\/es\/wp-content\/uploads\/2015\/08\/mt_mt.jpg\" width=\"\" height=\"\" class=\"portfolio-entry-img\" alt=\"Mermeladas Tradicionales\" \/>\n\t\t\t\t\t\t\t\t\n\t\t\t\t\t\t\t\t<\/a>\n\t\t\t\t\t\t\t\t\n\t\t\t\t\t\t\t<\/div><!-- .portfolio-entry-media -->\n\n\t\t\t\t\t\t\n\t\t\t\t\t\n\t\t\t\t\t\t\t\t\t\t\n\t\t\t\t\t\t<div class=\"portfolio-entry-details clr\" style=\"text-align:center;\">\n\n\t\t\t\t\t\t\t<div class=\"match-height-content\">\n\t\t\t\t\t\t\t\n\t\t\t\t\t\t\t\t<h2 class=\"portfolio-entry-title entry-title\">\n\n\t\t\t\t\t\t\t\t\t\n\t\t\t\t\t\t\t\t\t\t<a href=\"https:\/\/www.agro-vado.com\/es\/portfolio-item\/mermeladas-tradicionales\/\" title=\"Mermeladas Tradicionales\">\n\t\t\t\t\t\t\t\t\t\t\tMermeladas Tradicionales\t\t\t\t\t\t\t\t\t\t<\/a>\n\n\t\t\t\t\t\t\t\t\t\n\t\t\t\t\t\t\t\t<\/h2>\n\n\t\t\t\t\t\t\t\n\t\t\t\t\t\t\t\n\t\t\t\t\t\t\t\n\t\t\t\t\t\t\t\t\t\t\t\t\t\t\n\t\t\t\t\t\t\t<\/div>\n\t\t\t\t\t\t<\/div><!-- .portfolio-entry-details -->\n\n\t\t\t\t\t\n\t\t\t\t<\/div><!-- .portfolio-entry -->\n\n\t\t\t\t\t\t\t\n\t\t\t\n\t\t\t\t<div class=\"portfolio-entry span_1_of_3 col col-2 cat-68 cat-64 post-4694 portfolio type-portfolio status-publish has-post-thumbnail hentry portfolio_category-mermeladas-dieteticas portfolio_category-productos\">\n\n\t\t\t\t\t\t\t\t\t\t\t\n\t\t\t\t\t\t\n\t\t\t\t\t\t\t<div class=\"portfolio-entry-media wpex-image-hover grow\">\n\n\t\t\t\t\t\t\t\t\n\t\t\t\t\t\t\t\t\t\n\t\t\t\t\t\t\t\t\t\t<a href=\"https:\/\/www.agro-vado.com\/es\/portfolio-item\/mermeladas-dieteticas\/\" title=\"Mermeladas Diet\u00e9ticas\" class=\"portfolio-entry-media-link\">\n\n\t\t\t\t\t\t\t\t\t\n\t\t\t\t\t\t\t\t\n\t\t\t\t\t\t\t\t<img decoding=\"async\" src=\"https:\/\/www.agro-vado.com\/es\/wp-content\/uploads\/2015\/08\/md_md.jpg\" width=\"\" height=\"\" class=\"portfolio-entry-img\" alt=\"Mermeladas Diet\u00e9ticas\" \/>\n\t\t\t\t\t\t\t\t\n\t\t\t\t\t\t\t\t<\/a>\n\t\t\t\t\t\t\t\t\n\t\t\t\t\t\t\t<\/div><!-- .portfolio-entry-media -->\n\n\t\t\t\t\t\t\n\t\t\t\t\t\n\t\t\t\t\t\t\t\t\t\t\n\t\t\t\t\t\t<div class=\"portfolio-entry-details clr\" style=\"text-align:center;\">\n\n\t\t\t\t\t\t\t<div class=\"match-height-content\">\n\t\t\t\t\t\t\t\n\t\t\t\t\t\t\t\t<h2 class=\"portfolio-entry-title entry-title\">\n\n\t\t\t\t\t\t\t\t\t\n\t\t\t\t\t\t\t\t\t\t<a href=\"https:\/\/www.agro-vado.com\/es\/portfolio-item\/mermeladas-dieteticas\/\" title=\"Mermeladas Diet\u00e9ticas\">\n\t\t\t\t\t\t\t\t\t\t\tMermeladas Diet\u00e9ticas\t\t\t\t\t\t\t\t\t\t<\/a>\n\n\t\t\t\t\t\t\t\t\t\n\t\t\t\t\t\t\t\t<\/h2>\n\n\t\t\t\t\t\t\t\n\t\t\t\t\t\t\t\n\t\t\t\t\t\t\t\n\t\t\t\t\t\t\t\t\t\t\t\t\t\t\n\t\t\t\t\t\t\t<\/div>\n\t\t\t\t\t\t<\/div><!-- .portfolio-entry-details -->\n\n\t\t\t\t\t\n\t\t\t\t<\/div><!-- .portfolio-entry -->\n\n\t\t\t\t\t\t\t\n\t\t\t\n\t\t\t\t<div class=\"portfolio-entry span_1_of_3 col col-3 cat-69 cat-64 post-4696 portfolio type-portfolio status-publish has-post-thumbnail hentry portfolio_category-otros portfolio_category-productos\">\n\n\t\t\t\t\t\t\t\t\t\t\t\n\t\t\t\t\t\t\n\t\t\t\t\t\t\t<div class=\"portfolio-entry-media wpex-image-hover grow\">\n\n\t\t\t\t\t\t\t\t\n\t\t\t\t\t\t\t\t\t\n\t\t\t\t\t\t\t\t\t\t<a href=\"https:\/\/www.agro-vado.com\/es\/portfolio-item\/otros\/\" title=\"Otros\" class=\"portfolio-entry-media-link\">\n\n\t\t\t\t\t\t\t\t\t\n\t\t\t\t\t\t\t\t\n\t\t\t\t\t\t\t\t<img decoding=\"async\" src=\"https:\/\/www.agro-vado.com\/es\/wp-content\/uploads\/2015\/08\/ot_ot.jpg\" width=\"\" height=\"\" class=\"portfolio-entry-img\" alt=\"Otros\" \/>\n\t\t\t\t\t\t\t\t\n\t\t\t\t\t\t\t\t<\/a>\n\t\t\t\t\t\t\t\t\n\t\t\t\t\t\t\t<\/div><!-- .portfolio-entry-media -->\n\n\t\t\t\t\t\t\n\t\t\t\t\t\n\t\t\t\t\t\t\t\t\t\t\n\t\t\t\t\t\t<div class=\"portfolio-entry-details clr\" style=\"text-align:center;\">\n\n\t\t\t\t\t\t\t<div class=\"match-height-content\">\n\t\t\t\t\t\t\t\n\t\t\t\t\t\t\t\t<h2 class=\"portfolio-entry-title entry-title\">\n\n\t\t\t\t\t\t\t\t\t\n\t\t\t\t\t\t\t\t\t\t<a href=\"https:\/\/www.agro-vado.com\/es\/portfolio-item\/otros\/\" title=\"Otros\">\n\t\t\t\t\t\t\t\t\t\t\tOtros\t\t\t\t\t\t\t\t\t\t<\/a>\n\n\t\t\t\t\t\t\t\t\t\n\t\t\t\t\t\t\t\t<\/h2>\n\n\t\t\t\t\t\t\t\n\t\t\t\t\t\t\t\n\t\t\t\t\t\t\t\n\t\t\t\t\t\t\t\t\t\t\t\t\t\t\n\t\t\t\t\t\t\t<\/div>\n\t\t\t\t\t\t<\/div><!-- .portfolio-entry-details -->\n\n\t\t\t\t\t\n\t\t\t\t<\/div><!-- .portfolio-entry -->\n\n\t\t\t\t\t\t\t\n\t\t\t\n\t\t<\/div><!-- .vcex-portfolio-grid -->\n\t\t\n\t\t\n\t<\/div><!-- vcex-portfolio-grid-wrap clr -->\n\n\t\n\n\t<\/div> \n                                                    <\/div><!-- .clr vc_row-fluid -->\n    <\/div><!-- .vc_row wpb_row -->\n\n\n","protected":false},"excerpt":{"rendered":"Concentrados: Concentrados de Chicha morada Salsas: Las salsas son elaboradas a partir de trozos de vegetales picantes (aj\u00edes) entre las que ofrecemos: Rocoto, aj\u00ed, huacatay condimentadas con especias. N\u00e9ctares: Durazno Fresa Guan\u00e1bana Mango Maracuy\u00e1 Warning: getimagesize(\/home\/agrovado\/public_html\/es\/wp-content\/uploadshttps:\/\/www.agro-vado.com\/es\/wp-content\/uploads\/2015\/08\/maiz-morado-beneficios.jpg): failed to open stream:&hellip;","protected":false},"author":1,"featured_media":0,"parent":0,"menu_order":0,"comment_status":"open","ping_status":"open","template":"","meta":{"footnotes":""},"class_list":["post-4469","page","type-page","status-publish","hentry"],"_links":{"self":[{"href":"https:\/\/www.agro-vado.com\/es\/wp-json\/wp\/v2\/pages\/4469","targetHints":{"allow":["GET"]}}],"collection":[{"href":"https:\/\/www.agro-vado.com\/es\/wp-json\/wp\/v2\/pages"}],"about":[{"href":"https:\/\/www.agro-vado.com\/es\/wp-json\/wp\/v2\/types\/page"}],"author":[{"embeddable":true,"href":"https:\/\/www.agro-vado.com\/es\/wp-json\/wp\/v2\/users\/1"}],"replies":[{"embeddable":true,"href":"https:\/\/www.agro-vado.com\/es\/wp-json\/wp\/v2\/comments?post=4469"}],"version-history":[{"count":14,"href":"https:\/\/www.agro-vado.com\/es\/wp-json\/wp\/v2\/pages\/4469\/revisions"}],"predecessor-version":[{"id":4938,"href":"https:\/\/www.agro-vado.com\/es\/wp-json\/wp\/v2\/pages\/4469\/revisions\/4938"}],"wp:attachment":[{"href":"https:\/\/www.agro-vado.com\/es\/wp-json\/wp\/v2\/media?parent=4469"}],"curies":[{"name":"wp","href":"https:\/\/api.w.org\/{rel}","templated":true}]}}