{"id":4470,"date":"2015-08-11T02:56:23","date_gmt":"2015-08-11T02:56:23","guid":{"rendered":"http:\/\/127.0.0.1\/demo1\/?page_id=4470"},"modified":"2015-08-28T23:08:24","modified_gmt":"2015-08-28T23:08:24","slug":"contactenos","status":"publish","type":"page","link":"https:\/\/www.agro-vado.com\/es\/contactenos\/","title":{"rendered":"Cont\u00e1ctenos"},"content":{"rendered":"\n<div class=\"vc_row wpb_row\">\n    <div class=\"clr vc_row-fluid\">\n                    \n\t<div class=\"vc_col-sm-6 wpb_column clr column_container  \">\n\t\t\t\n\t<div class=\"wpb_text_column wpb_content_element \">\n\t\t<div class=\"wpb_wrapper\">\n\t\t\t<p><strong>Direcci\u00f3n:<br \/>\n<\/strong>Parcela II Mz K1 Lt 11. Parque Industrial Villa El Salvador<\/p>\n\n\t\t<\/div> \n\t<\/div> \n\t<\/div> \n\n\t<div class=\"vc_col-sm-6 wpb_column clr column_container  \">\n\t\t\t\n<div class=\"vc_row wpb_row vc_inner\">\n    <div class=\"clr vc_row-fluid\">\n                    \n\t<div class=\"vc_col-sm-6 wpb_column clr column_container  \">\n\t\t\t\n\t<div class=\"wpb_text_column wpb_content_element \">\n\t\t<div class=\"wpb_wrapper\">\n\t\t\t<p><strong>Email:<br \/>\n<\/strong>info@agro-vado.com<\/p>\n\n\t\t<\/div> \n\t<\/div> \n\t<\/div> \n\n\t<div class=\"vc_col-sm-6 wpb_column clr column_container  \">\n\t\t\t\n\t<div class=\"wpb_text_column wpb_content_element \">\n\t\t<div class=\"wpb_wrapper\">\n\t\t\t<p><strong>Tel\u00e9fono:<br \/>\n<\/strong>(511) 493 0808<\/p>\n\n\t\t<\/div> \n\t<\/div> \n\t<\/div> \n                                                    <\/div><!-- .clr vc_row-fluid -->\n    <\/div><!-- .vc_row wpb_row vc_inner -->\n\n\n\t<\/div> \n                                                    <\/div><!-- .clr vc_row-fluid -->\n    <\/div><!-- .vc_row wpb_row -->\n\n\n<div class=\"vc_row wpb_row\">\n    <div class=\"clr vc_row-fluid\">\n                    \n\t<div class=\"vc_col-sm-12 wpb_column clr column_container  \">\n\t\t\t<div class=\"vc_empty_space\"  style=\"height: 32px\" ><span class=\"vc_empty_space_inner\"><\/span><\/div>\n\n\n\t<\/div> \n                                                    <\/div><!-- .clr vc_row-fluid -->\n    <\/div><!-- .vc_row wpb_row -->\n\n\n<div class=\"vc_row wpb_row\">\n    <div class=\"clr vc_row-fluid\">\n                    \n\t<div class=\"vc_col-sm-6 wpb_column clr column_container  \">\n\t\t\t\n\t<div class=\"vc_text_separator wpb_content_element separator_align_left vc_text_separator_one\" >\n\t\t<span class=\"vc_text_separator_inner\" >Formulario de Contacto<\/span>\n\t<\/div>\n\n\n<div class=\"wpcf7 no-js\" id=\"wpcf7-f1329-o1\" lang=\"en-US\" dir=\"ltr\" data-wpcf7-id=\"1329\">\n<div class=\"screen-reader-response\"><p role=\"status\" aria-live=\"polite\" aria-atomic=\"true\"><\/p> <ul><\/ul><\/div>\n<form action=\"\/es\/wp-json\/wp\/v2\/pages\/4470#wpcf7-f1329-o1\" method=\"post\" class=\"wpcf7-form init\" aria-label=\"Contact form\" novalidate=\"novalidate\" data-status=\"init\">\n<fieldset class=\"hidden-fields-container\"><input type=\"hidden\" name=\"_wpcf7\" value=\"1329\" \/><input type=\"hidden\" name=\"_wpcf7_version\" value=\"6.1.5\" \/><input type=\"hidden\" name=\"_wpcf7_locale\" value=\"en_US\" \/><input type=\"hidden\" name=\"_wpcf7_unit_tag\" value=\"wpcf7-f1329-o1\" \/><input type=\"hidden\" name=\"_wpcf7_container_post\" value=\"0\" \/><input type=\"hidden\" name=\"_wpcf7_posted_data_hash\" value=\"\" \/>\n<\/fieldset>\n<p class=\"one-half first\">Nombre\n<\/p>\n<p><span class=\"wpcf7-form-control-wrap\" data-name=\"your-name\"><input size=\"40\" maxlength=\"400\" class=\"wpcf7-form-control wpcf7-text wpcf7-validates-as-required\" aria-required=\"true\" aria-invalid=\"false\" value=\"\" type=\"text\" name=\"your-name\" \/><\/span>\n<\/p>\n<p class=\"one-half\">Email\n<\/p>\n<p><span class=\"wpcf7-form-control-wrap\" data-name=\"your-email\"><input size=\"40\" maxlength=\"400\" class=\"wpcf7-form-control wpcf7-email wpcf7-validates-as-required wpcf7-text wpcf7-validates-as-email\" aria-required=\"true\" aria-invalid=\"false\" value=\"\" type=\"email\" name=\"your-email\" \/><\/span>\n<\/p>\n<p class=\"one-half first\">Tel\u00e9fono\n<\/p>\n<p><span class=\"wpcf7-form-control-wrap\" data-name=\"your-phone\"><input size=\"40\" maxlength=\"400\" class=\"wpcf7-form-control wpcf7-text\" aria-invalid=\"false\" value=\"\" type=\"text\" name=\"your-phone\" \/><\/span>\n<\/p>\n<p class=\"one-half\">Asunto\n<\/p>\n<p><span class=\"wpcf7-form-control-wrap\" data-name=\"Asunto\"><input size=\"40\" maxlength=\"400\" class=\"wpcf7-form-control wpcf7-text\" aria-invalid=\"false\" value=\"\" type=\"text\" name=\"Asunto\" \/><\/span>\n<\/p>\n<p>Mensaje\n<\/p>\n<p><span class=\"wpcf7-form-control-wrap\" data-name=\"your-message\"><textarea cols=\"40\" rows=\"10\" maxlength=\"2000\" class=\"wpcf7-form-control wpcf7-textarea\" aria-invalid=\"false\" name=\"your-message\"><\/textarea><\/span>\n<\/p>\n<p><input class=\"wpcf7-form-control wpcf7-submit has-spinner\" type=\"submit\" value=\"Enviar\" \/>\n<\/p><div class=\"wpcf7-response-output\" aria-hidden=\"true\"><\/div>\n<\/form>\n<\/div>\n\n\t<\/div> \n\n\t<div class=\"vc_col-sm-6 wpb_column clr column_container  \">\n\t\t\t\n\t<div class=\"vc_text_separator wpb_content_element separator_align_left vc_text_separator_one\" >\n\t\t<span class=\"vc_text_separator_inner\" >Ub\u00edcanos<\/span>\n\t<\/div>\n\n\n\t<div class=\"wpb_text_column wpb_content_element \">\n\t\t<div class=\"wpb_wrapper\">\n\t\t\t<p><iframe loading=\"lazy\" style=\"border: 0;\" src=\"https:\/\/www.google.com\/maps\/embed?pb=!1m23!1m12!1m3!1d62394.92169511228!2d-76.96960653255259!3d-12.201986540043332!2m3!1f0!2f0!3f0!3m2!1i1024!2i768!4f13.1!4m8!3e6!4m0!4m5!1s0x9105b9451d7fc467%3A0x46d04225aa02ccfc!2sAgrovado%2C+Lima!3m2!1d-12.2020729!2d-76.932613!5e0!3m2!1ses!2s!4v1440793983221\" width=\"100%\" height=\"392\" frameborder=\"0\" allowfullscreen=\"allowfullscreen\"><\/iframe><\/p>\n\n\t\t<\/div> \n\t<\/div> \n\t<\/div> \n                                                    <\/div><!-- .clr vc_row-fluid -->\n    <\/div><!-- .vc_row wpb_row -->\n\n\n<div class=\"vc_row wpb_row\">\n    <div class=\"clr vc_row-fluid\">\n                    \n\t<div class=\"vc_col-sm-12 wpb_column clr column_container  \">\n\t\t\t<div class=\"vc_empty_space\"  style=\"height: 32px\" ><span class=\"vc_empty_space_inner\"><\/span><\/div>\n\n\n\t<\/div> \n                                                    <\/div><!-- .clr vc_row-fluid -->\n    <\/div><!-- .vc_row wpb_row -->\n\n\n","protected":false},"excerpt":{"rendered":"Direcci\u00f3n: Parcela II Mz K1 Lt 11. Parque Industrial Villa El Salvador Email: info@agro-vado.com Tel\u00e9fono: (511) 493 0808 Formulario de Contacto Nombre Email Tel\u00e9fono Asunto Mensaje Ub\u00edcanos","protected":false},"author":1,"featured_media":0,"parent":0,"menu_order":0,"comment_status":"open","ping_status":"open","template":"","meta":{"footnotes":""},"class_list":["post-4470","page","type-page","status-publish","hentry"],"_links":{"self":[{"href":"https:\/\/www.agro-vado.com\/es\/wp-json\/wp\/v2\/pages\/4470","targetHints":{"allow":["GET"]}}],"collection":[{"href":"https:\/\/www.agro-vado.com\/es\/wp-json\/wp\/v2\/pages"}],"about":[{"href":"https:\/\/www.agro-vado.com\/es\/wp-json\/wp\/v2\/types\/page"}],"author":[{"embeddable":true,"href":"https:\/\/www.agro-vado.com\/es\/wp-json\/wp\/v2\/users\/1"}],"replies":[{"embeddable":true,"href":"https:\/\/www.agro-vado.com\/es\/wp-json\/wp\/v2\/comments?post=4470"}],"version-history":[{"count":28,"href":"https:\/\/www.agro-vado.com\/es\/wp-json\/wp\/v2\/pages\/4470\/revisions"}],"predecessor-version":[{"id":4616,"href":"https:\/\/www.agro-vado.com\/es\/wp-json\/wp\/v2\/pages\/4470\/revisions\/4616"}],"wp:attachment":[{"href":"https:\/\/www.agro-vado.com\/es\/wp-json\/wp\/v2\/media?parent=4470"}],"curies":[{"name":"wp","href":"https:\/\/api.w.org\/{rel}","templated":true}]}}